{"id":509,"date":"2022-04-21T12:10:25","date_gmt":"2022-04-21T11:10:25","guid":{"rendered":"https:\/\/homes-marbella.net\/about-us\/"},"modified":"2022-05-27T09:29:53","modified_gmt":"2022-05-27T08:29:53","slug":"sobre-nosotros","status":"publish","type":"page","link":"https:\/\/homes-marbella.net\/es\/sobre-nosotros\/","title":{"rendered":"Sobre nosotros"},"content":{"rendered":"\n<section class=\"wp-block-uagb-section uagb-section__wrap uagb-section__background-undefined uagb-block-20128c99\"><div class=\"uagb-section__overlay\"><\/div><div class=\"uagb-section__inner-wrap\">\n<p class=\"has-text-align-center\">Comprar y vender una propiedad en la Costa del Sol puede ser una experiencia dif\u00edcil. Con nuestro amplio conocimiento del mercado, nuestra profesionalidad y transparencia. Creemos que somos la agencia perfecta para ayudarle en todo el proceso. Nos esforzamos constantemente por adaptarnos a todas las condiciones del mercado para garantizar el servicio que nuestros clientes merecen. Nuestro objetivo es proporcionarle un profundo conocimiento y un toque personal desde el principio hasta el final.<\/p>\n\n\n\n<div style=\"height:30px\" aria-hidden=\"true\" class=\"wp-block-spacer\"><\/div>\n\n\n\n<p class=\"has-text-align-center\" style=\"font-size:26px\">Su satisfacci\u00f3n es nuestra prioridad y orgullo<\/p>\n<\/div><\/section>\n\n\n\n<section class=\"wp-block-uagb-section uagb-section__wrap uagb-section__background-color uagb-block-8c54b05a\"><div class=\"uagb-section__overlay\"><\/div><div class=\"uagb-section__inner-wrap\">\n<section class=\"wp-block-uagb-columns uagb-columns__wrap uagb-columns__background-undefined uagb-columns__stack-mobile uagb-columns__valign-undefined uagb-columns__gap-30 alignundefined uagb-block-d1c536e9\"><div class=\"uagb-columns__overlay\"><\/div><div class=\"uagb-columns__inner-wrap uagb-columns__columns-3\">\n<div class=\"wp-block-uagb-column uagb-column__wrap uagb-column__background-undefined uagb-block-26b3eb6f\"><div class=\"uagb-column__overlay\"><\/div><div class=\"uagb-column__inner-wrap\">\n<figure class=\"wp-block-image size-full\"><img loading=\"lazy\" decoding=\"async\" width=\"618\" height=\"712\" src=\"http:\/\/hm.imagenconsulting.com\/wp-content\/uploads\/2022\/05\/about-eleonora-tomova.jpg\" alt=\"\" class=\"wp-image-295\" srcset=\"https:\/\/homes-marbella.net\/wp-content\/uploads\/2022\/05\/about-eleonora-tomova.jpg 618w, https:\/\/homes-marbella.net\/wp-content\/uploads\/2022\/05\/about-eleonora-tomova-260x300.jpg 260w\" sizes=\"auto, (max-width: 618px) 100vw, 618px\" \/><\/figure>\n\n\n\n<div style=\"height:20px\" aria-hidden=\"true\" class=\"wp-block-spacer\"><\/div>\n\n\n\n<h2 class=\"wp-block-heading\" style=\"font-style:normal;font-weight:400;text-transform:uppercase\">Eleonora Tomova<\/h2>\n\n\n\n<div style=\"height:30px\" aria-hidden=\"true\" class=\"wp-block-spacer\"><\/div>\n\n\n\n<p>Llegu\u00e9 a Marbella en 2003 e inmediatamente me atrajo la calidad de vida, el clima y la hermosa Andaluc\u00eda. Mi carrera como agente inmobiliaria comenz\u00f3 en 2005 y desde entonces todo lo que puedo decir es pasi\u00f3n por las propiedades desde el momento en que entro por primera vez hasta el momento en que se completa la venta de la propiedad. S\u00e9 que encontrar una propiedad de ensue\u00f1o no es f\u00e1cil por eso pongo a disposici\u00f3n de mis compradores y vendedores todo mi conocimiento y experiencia en el mercado de la Costa del Sol.<\/p>\n<\/div><\/div>\n\n\n\n<div class=\"wp-block-uagb-column uagb-column__wrap uagb-column__background-undefined uagb-block-f0264eca\"><div class=\"uagb-column__overlay\"><\/div><div class=\"uagb-column__inner-wrap\"><\/div><\/div>\n\n\n\n<div class=\"wp-block-uagb-column uagb-column__wrap uagb-column__background-undefined uagb-block-8a2a913b\"><div class=\"uagb-column__overlay\"><\/div><div class=\"uagb-column__inner-wrap\">\n<figure class=\"wp-block-image size-full\"><img loading=\"lazy\" decoding=\"async\" width=\"618\" height=\"712\" src=\"http:\/\/hm.imagenconsulting.com\/wp-content\/uploads\/2022\/05\/about-rusell-clarke.jpg\" alt=\"\" class=\"wp-image-296\" srcset=\"https:\/\/homes-marbella.net\/wp-content\/uploads\/2022\/05\/about-rusell-clarke.jpg 618w, https:\/\/homes-marbella.net\/wp-content\/uploads\/2022\/05\/about-rusell-clarke-260x300.jpg 260w\" sizes=\"auto, (max-width: 618px) 100vw, 618px\" \/><\/figure>\n\n\n\n<div style=\"height:20px\" aria-hidden=\"true\" class=\"wp-block-spacer\"><\/div>\n\n\n\n<h2 class=\"wp-block-heading\" style=\"font-style:normal;font-weight:400;text-transform:uppercase\">RuSsell Clarke<\/h2>\n\n\n\n<div style=\"height:30px\" aria-hidden=\"true\" class=\"wp-block-spacer\"><\/div>\n\n\n\n<p>Despu\u00e9s de muchos a\u00f1os de trabajar en el sector inmobiliario en todo el mundo, me instal\u00e9 en Marbella hace seis a\u00f1os. Poco despu\u00e9s conoc\u00ed a Eleonora, que tambi\u00e9n ha tenido una larga y exitosa carrera inmobiliaria en la Costa del Sol. A lo largo de los a\u00f1os, nuestra relaci\u00f3n ha ido a m\u00e1s. As\u00ed que la apertura de nuestra propia agencia inmobiliaria boutique aqu\u00ed en la Costa del Sol parec\u00eda el movimiento l\u00f3gico. Con nuestra experiencia, el conocimiento del mercado, la pasi\u00f3n y la profesionalidad vamos a ofrecer un enfoque personalizado y el servicio a nuestros compradores y vendedores por igual.<\/p>\n<\/div><\/div>\n<\/div><\/section>\n<\/div><\/section>\n\n\n\n<div class=\"wp-block-cover is-light\" style=\"padding-top:75px;padding-bottom:75px\"><span aria-hidden=\"true\" class=\"has-background-dim-0 wp-block-cover__gradient-background has-background-dim\"><\/span><img loading=\"lazy\" decoding=\"async\" width=\"1920\" height=\"1008\" class=\"wp-block-cover__image-background wp-image-97\" alt=\"\" src=\"http:\/\/hm.imagenconsulting.com\/wp-content\/uploads\/2022\/04\/contact-us.jpg\" data-object-fit=\"cover\" srcset=\"https:\/\/homes-marbella.net\/wp-content\/uploads\/2022\/04\/contact-us.jpg 1920w, https:\/\/homes-marbella.net\/wp-content\/uploads\/2022\/04\/contact-us-300x158.jpg 300w, https:\/\/homes-marbella.net\/wp-content\/uploads\/2022\/04\/contact-us-1024x538.jpg 1024w, https:\/\/homes-marbella.net\/wp-content\/uploads\/2022\/04\/contact-us-768x403.jpg 768w, https:\/\/homes-marbella.net\/wp-content\/uploads\/2022\/04\/contact-us-1536x806.jpg 1536w\" sizes=\"auto, (max-width: 1920px) 100vw, 1920px\" \/><div class=\"wp-block-cover__inner-container is-layout-flow wp-block-cover-is-layout-flow\">\n<h2 class=\"has-text-align-center has-white-color has-text-color wp-block-heading\" id=\"contactus\">\u00bfAlguna duda?<br>\u00a1Podemos ayudarte!<\/h2>\n\n\n\n<div style=\"height:30px\" aria-hidden=\"true\" class=\"wp-block-spacer\"><\/div>\n\n\n\n<p class=\"has-text-align-center has-white-color has-text-color\" style=\"font-size:17px\">CONTACTA CON NOSOTROS<\/p>\n\n\n\n<div class=\"wp-block-columns is-not-stacked-on-mobile is-layout-flex wp-container-core-columns-is-layout-9d6595d7 wp-block-columns-is-layout-flex\">\n<div class=\"wp-block-column is-layout-flow wp-block-column-is-layout-flow\"><\/div>\n\n\n\n<div class=\"wp-block-column is-layout-flow wp-block-column-is-layout-flow\" style=\"padding-top:54px;flex-basis:627px\">\n<div class=\"wp-block-contact-form-7-contact-form-selector\">\n<div class=\"wpcf7 no-js\" id=\"wpcf7-f659-o1\" lang=\"es-ES\" dir=\"ltr\" data-wpcf7-id=\"659\">\n<div class=\"screen-reader-response\"><p role=\"status\" aria-live=\"polite\" aria-atomic=\"true\"><\/p> <ul><\/ul><\/div>\n<form action=\"\/es\/wp-json\/wp\/v2\/pages\/509#wpcf7-f659-o1\" method=\"post\" class=\"wpcf7-form init\" aria-label=\"Formulario de contacto\" novalidate=\"novalidate\" data-status=\"init\">\n<fieldset class=\"hidden-fields-container\"><input type=\"hidden\" name=\"_wpcf7\" value=\"659\" \/><input type=\"hidden\" name=\"_wpcf7_version\" value=\"6.1.5\" \/><input type=\"hidden\" name=\"_wpcf7_locale\" value=\"es_ES\" \/><input type=\"hidden\" name=\"_wpcf7_unit_tag\" value=\"wpcf7-f659-o1\" \/><input type=\"hidden\" name=\"_wpcf7_container_post\" value=\"0\" \/><input type=\"hidden\" name=\"_wpcf7_posted_data_hash\" value=\"\" \/><input type=\"hidden\" name=\"_wpcf7_recaptcha_response\" value=\"\" \/>\n<\/fieldset>\n<div class=\"row\">\n\t<div class=\"col-12 pb-3\">\n\t\t<p><label><span class=\"wpcf7-form-control-wrap\" data-name=\"your-name\"><input size=\"40\" maxlength=\"400\" class=\"wpcf7-form-control wpcf7-text wpcf7-validates-as-required form-control\" aria-required=\"true\" aria-invalid=\"false\" placeholder=\"NOMBRE*\" value=\"\" type=\"text\" name=\"your-name\" \/><\/span><\/label>\n\t\t<\/p>\n\t<\/div>\n\t<div class=\"col-12 pb-3 pt-2\">\n\t\t<p><label><span class=\"wpcf7-form-control-wrap\" data-name=\"your-email\"><input size=\"40\" maxlength=\"400\" class=\"wpcf7-form-control wpcf7-email wpcf7-validates-as-required wpcf7-text wpcf7-validates-as-email form-control\" aria-required=\"true\" aria-invalid=\"false\" placeholder=\"EMAIL*\" value=\"\" type=\"email\" name=\"your-email\" \/><\/span><\/label>\n\t\t<\/p>\n\t<\/div>\n\t<div class=\"col-12 pb-3 pt-2\" class:form-control>\n\t\t<p><label><span class=\"wpcf7-form-control-wrap\" data-name=\"your-phone\"><input size=\"40\" maxlength=\"400\" class=\"wpcf7-form-control wpcf7-tel wpcf7-validates-as-required wpcf7-text wpcf7-validates-as-tel form-control\" aria-required=\"true\" aria-invalid=\"false\" placeholder=\"TELEFONO*\" value=\"\" type=\"tel\" name=\"your-phone\" \/><\/span><\/label>\n\t\t<\/p>\n\t<\/div>\n\t<div class=\"col-md-12 pb-3 pt-2\">\n\t\t<p><label><span class=\"wpcf7-form-control-wrap\" data-name=\"your-message\"><textarea cols=\"40\" rows=\"10\" maxlength=\"2000\" class=\"wpcf7-form-control wpcf7-textarea form-control\" aria-invalid=\"false\" placeholder=\"MENSAJE\" name=\"your-message\"><\/textarea><\/span><\/label>\n\t\t<\/p>\n\t<\/div>\n\t<div class=\"col-md-12 pb-2 pt-2\">\n\t\t<p><label> <span class=\"wpcf7-form-control-wrap\" data-name=\"acceptance-legal\"><span class=\"wpcf7-form-control wpcf7-acceptance\"><span class=\"wpcf7-list-item\"><label><input type=\"checkbox\" name=\"acceptance-legal\" value=\"1\" aria-invalid=\"false\" \/><span class=\"wpcf7-list-item-label\">He le\u00eddo y acepto el <a href=\"\/es\/aviso-legal\/\">aviso legal<\/a><\/span><\/label><\/span><\/span><\/span><\/label>\n\t\t<\/p>\n\t<\/div>\n\t<div class=\"col-md-12 pb-4 pt-2\">\n\t\t<p><label> <span class=\"wpcf7-form-control-wrap\" data-name=\"acceptance-commercial\"><span class=\"wpcf7-form-control wpcf7-acceptance optional\"><span class=\"wpcf7-list-item\"><label><input type=\"checkbox\" name=\"acceptance-commercial\" value=\"1\" aria-invalid=\"false\" \/><span class=\"wpcf7-list-item-label\">Acepto recibir comunicaci\u00f3n comercial de homes-marbella.net<\/span><\/label><\/span><\/span><\/span><\/label>\n\t\t<\/p>\n\t<\/div>\n\t<div class=\"col-md-12 pt-2 text-center\">\n\t\t<p><input class=\"wpcf7-form-control wpcf7-submit has-spinner btn btn-secondary\" type=\"submit\" value=\"ENVIAR\" \/><br \/>\n\t\t<input class=\"wpcf7-form-control wpcf7-hidden\" id=\"field_wpml_current_language\" value=\"\" type=\"hidden\" name=\"field_wpml_current_language\" \/><br \/>\n\t\t<input class=\"wpcf7-form-control wpcf7-hidden\" id=\"field_sent_from_page_url\" value=\"\" type=\"hidden\" name=\"field_sent_from_page_url\" \/><br \/>\n\t\t<input class=\"wpcf7-form-control wpcf7-hidden\" id=\"field_property_ref\" value=\"\" type=\"hidden\" name=\"field_property_ref\" \/>\n\t\t<\/p>\n\t<\/div>\n<\/div><div class=\"wpcf7-response-output\" aria-hidden=\"true\"><\/div>\n<\/form>\n<\/div>\n<\/div>\n<\/div>\n\n\n\n<div class=\"wp-block-column is-layout-flow wp-block-column-is-layout-flow\"><\/div>\n<\/div>\n<\/div><\/div>\n","protected":false},"excerpt":{"rendered":"","protected":false},"author":2,"featured_media":485,"parent":0,"menu_order":0,"comment_status":"closed","ping_status":"closed","template":"","meta":{"_uag_custom_page_level_css":"","footnotes":""},"class_list":["post-509","page","type-page","status-publish","has-post-thumbnail","hentry"],"yoast_head":"<!-- This site is optimized with the Yoast SEO plugin v27.4 - https:\/\/yoast.com\/product\/yoast-seo-wordpress\/ -->\n<title>Sobre nosotros - Homes Marbella<\/title>\n<meta name=\"robots\" content=\"index, follow, max-snippet:-1, max-image-preview:large, max-video-preview:-1\" \/>\n<link rel=\"canonical\" href=\"https:\/\/homes-marbella.net\/es\/sobre-nosotros\/\" \/>\n<meta property=\"og:locale\" content=\"es_ES\" \/>\n<meta property=\"og:type\" content=\"article\" \/>\n<meta property=\"og:title\" content=\"Sobre nosotros - Homes Marbella\" \/>\n<meta property=\"og:url\" content=\"https:\/\/homes-marbella.net\/es\/sobre-nosotros\/\" \/>\n<meta property=\"og:site_name\" content=\"Homes Marbella\" \/>\n<meta property=\"article:modified_time\" content=\"2022-05-27T08:29:53+00:00\" \/>\n<meta property=\"og:image\" content=\"https:\/\/homes-marbella.net\/wp-content\/uploads\/2022\/05\/home-bg-1.jpg\" \/>\n\t<meta property=\"og:image:width\" content=\"1920\" \/>\n\t<meta property=\"og:image:height\" content=\"803\" \/>\n\t<meta property=\"og:image:type\" content=\"image\/jpeg\" \/>\n<meta name=\"twitter:card\" content=\"summary_large_image\" \/>\n<meta name=\"twitter:label1\" content=\"Tiempo de lectura\" \/>\n\t<meta name=\"twitter:data1\" content=\"2 minutos\" \/>\n<script type=\"application\/ld+json\" class=\"yoast-schema-graph\">{\"@context\":\"https:\\\/\\\/schema.org\",\"@graph\":[{\"@type\":\"WebPage\",\"@id\":\"https:\\\/\\\/homes-marbella.net\\\/es\\\/sobre-nosotros\\\/\",\"url\":\"https:\\\/\\\/homes-marbella.net\\\/es\\\/sobre-nosotros\\\/\",\"name\":\"Sobre nosotros - Homes Marbella\",\"isPartOf\":{\"@id\":\"https:\\\/\\\/homes-marbella.net\\\/es\\\/#website\"},\"primaryImageOfPage\":{\"@id\":\"https:\\\/\\\/homes-marbella.net\\\/es\\\/sobre-nosotros\\\/#primaryimage\"},\"image\":{\"@id\":\"https:\\\/\\\/homes-marbella.net\\\/es\\\/sobre-nosotros\\\/#primaryimage\"},\"thumbnailUrl\":\"https:\\\/\\\/homes-marbella.net\\\/wp-content\\\/uploads\\\/2022\\\/05\\\/home-bg-1.jpg\",\"datePublished\":\"2022-04-21T11:10:25+00:00\",\"dateModified\":\"2022-05-27T08:29:53+00:00\",\"breadcrumb\":{\"@id\":\"https:\\\/\\\/homes-marbella.net\\\/es\\\/sobre-nosotros\\\/#breadcrumb\"},\"inLanguage\":\"es\",\"potentialAction\":[{\"@type\":\"ReadAction\",\"target\":[\"https:\\\/\\\/homes-marbella.net\\\/es\\\/sobre-nosotros\\\/\"]}]},{\"@type\":\"ImageObject\",\"inLanguage\":\"es\",\"@id\":\"https:\\\/\\\/homes-marbella.net\\\/es\\\/sobre-nosotros\\\/#primaryimage\",\"url\":\"https:\\\/\\\/homes-marbella.net\\\/wp-content\\\/uploads\\\/2022\\\/05\\\/home-bg-1.jpg\",\"contentUrl\":\"https:\\\/\\\/homes-marbella.net\\\/wp-content\\\/uploads\\\/2022\\\/05\\\/home-bg-1.jpg\",\"width\":1920,\"height\":803},{\"@type\":\"BreadcrumbList\",\"@id\":\"https:\\\/\\\/homes-marbella.net\\\/es\\\/sobre-nosotros\\\/#breadcrumb\",\"itemListElement\":[{\"@type\":\"ListItem\",\"position\":1,\"name\":\"Home\",\"item\":\"https:\\\/\\\/homes-marbella.net\\\/es\\\/\"},{\"@type\":\"ListItem\",\"position\":2,\"name\":\"Sobre nosotros\"}]},{\"@type\":\"WebSite\",\"@id\":\"https:\\\/\\\/homes-marbella.net\\\/es\\\/#website\",\"url\":\"https:\\\/\\\/homes-marbella.net\\\/es\\\/\",\"name\":\"Homes Marbella\",\"description\":\"PASSIONATELY SELLING PROPERTIES\",\"publisher\":{\"@id\":\"https:\\\/\\\/homes-marbella.net\\\/es\\\/#organization\"},\"potentialAction\":[{\"@type\":\"SearchAction\",\"target\":{\"@type\":\"EntryPoint\",\"urlTemplate\":\"https:\\\/\\\/homes-marbella.net\\\/es\\\/?s={search_term_string}\"},\"query-input\":{\"@type\":\"PropertyValueSpecification\",\"valueRequired\":true,\"valueName\":\"search_term_string\"}}],\"inLanguage\":\"es\"},{\"@type\":\"Organization\",\"@id\":\"https:\\\/\\\/homes-marbella.net\\\/es\\\/#organization\",\"name\":\"Homes Marbella\",\"url\":\"https:\\\/\\\/homes-marbella.net\\\/es\\\/\",\"logo\":{\"@type\":\"ImageObject\",\"inLanguage\":\"es\",\"@id\":\"https:\\\/\\\/homes-marbella.net\\\/es\\\/#\\\/schema\\\/logo\\\/image\\\/\",\"url\":\"https:\\\/\\\/homes-marbella.net\\\/wp-content\\\/uploads\\\/2022\\\/05\\\/cropped-logo_mapa.png\",\"contentUrl\":\"https:\\\/\\\/homes-marbella.net\\\/wp-content\\\/uploads\\\/2022\\\/05\\\/cropped-logo_mapa.png\",\"width\":512,\"height\":512,\"caption\":\"Homes Marbella\"},\"image\":{\"@id\":\"https:\\\/\\\/homes-marbella.net\\\/es\\\/#\\\/schema\\\/logo\\\/image\\\/\"}}]}<\/script>\n<!-- \/ Yoast SEO plugin. -->","yoast_head_json":{"title":"Sobre nosotros - Homes Marbella","robots":{"index":"index","follow":"follow","max-snippet":"max-snippet:-1","max-image-preview":"max-image-preview:large","max-video-preview":"max-video-preview:-1"},"canonical":"https:\/\/homes-marbella.net\/es\/sobre-nosotros\/","og_locale":"es_ES","og_type":"article","og_title":"Sobre nosotros - Homes Marbella","og_url":"https:\/\/homes-marbella.net\/es\/sobre-nosotros\/","og_site_name":"Homes Marbella","article_modified_time":"2022-05-27T08:29:53+00:00","og_image":[{"width":1920,"height":803,"url":"https:\/\/homes-marbella.net\/wp-content\/uploads\/2022\/05\/home-bg-1.jpg","type":"image\/jpeg"}],"twitter_card":"summary_large_image","twitter_misc":{"Tiempo de lectura":"2 minutos"},"schema":{"@context":"https:\/\/schema.org","@graph":[{"@type":"WebPage","@id":"https:\/\/homes-marbella.net\/es\/sobre-nosotros\/","url":"https:\/\/homes-marbella.net\/es\/sobre-nosotros\/","name":"Sobre nosotros - Homes Marbella","isPartOf":{"@id":"https:\/\/homes-marbella.net\/es\/#website"},"primaryImageOfPage":{"@id":"https:\/\/homes-marbella.net\/es\/sobre-nosotros\/#primaryimage"},"image":{"@id":"https:\/\/homes-marbella.net\/es\/sobre-nosotros\/#primaryimage"},"thumbnailUrl":"https:\/\/homes-marbella.net\/wp-content\/uploads\/2022\/05\/home-bg-1.jpg","datePublished":"2022-04-21T11:10:25+00:00","dateModified":"2022-05-27T08:29:53+00:00","breadcrumb":{"@id":"https:\/\/homes-marbella.net\/es\/sobre-nosotros\/#breadcrumb"},"inLanguage":"es","potentialAction":[{"@type":"ReadAction","target":["https:\/\/homes-marbella.net\/es\/sobre-nosotros\/"]}]},{"@type":"ImageObject","inLanguage":"es","@id":"https:\/\/homes-marbella.net\/es\/sobre-nosotros\/#primaryimage","url":"https:\/\/homes-marbella.net\/wp-content\/uploads\/2022\/05\/home-bg-1.jpg","contentUrl":"https:\/\/homes-marbella.net\/wp-content\/uploads\/2022\/05\/home-bg-1.jpg","width":1920,"height":803},{"@type":"BreadcrumbList","@id":"https:\/\/homes-marbella.net\/es\/sobre-nosotros\/#breadcrumb","itemListElement":[{"@type":"ListItem","position":1,"name":"Home","item":"https:\/\/homes-marbella.net\/es\/"},{"@type":"ListItem","position":2,"name":"Sobre nosotros"}]},{"@type":"WebSite","@id":"https:\/\/homes-marbella.net\/es\/#website","url":"https:\/\/homes-marbella.net\/es\/","name":"Homes Marbella","description":"PASSIONATELY SELLING PROPERTIES","publisher":{"@id":"https:\/\/homes-marbella.net\/es\/#organization"},"potentialAction":[{"@type":"SearchAction","target":{"@type":"EntryPoint","urlTemplate":"https:\/\/homes-marbella.net\/es\/?s={search_term_string}"},"query-input":{"@type":"PropertyValueSpecification","valueRequired":true,"valueName":"search_term_string"}}],"inLanguage":"es"},{"@type":"Organization","@id":"https:\/\/homes-marbella.net\/es\/#organization","name":"Homes Marbella","url":"https:\/\/homes-marbella.net\/es\/","logo":{"@type":"ImageObject","inLanguage":"es","@id":"https:\/\/homes-marbella.net\/es\/#\/schema\/logo\/image\/","url":"https:\/\/homes-marbella.net\/wp-content\/uploads\/2022\/05\/cropped-logo_mapa.png","contentUrl":"https:\/\/homes-marbella.net\/wp-content\/uploads\/2022\/05\/cropped-logo_mapa.png","width":512,"height":512,"caption":"Homes Marbella"},"image":{"@id":"https:\/\/homes-marbella.net\/es\/#\/schema\/logo\/image\/"}}]}},"uagb_featured_image_src":{"full":["https:\/\/homes-marbella.net\/wp-content\/uploads\/2022\/05\/home-bg-1.jpg",1920,803,false],"thumbnail":["https:\/\/homes-marbella.net\/wp-content\/uploads\/2022\/05\/home-bg-1-150x150.jpg",150,150,true],"medium":["https:\/\/homes-marbella.net\/wp-content\/uploads\/2022\/05\/home-bg-1-300x125.jpg",300,125,true],"medium_large":["https:\/\/homes-marbella.net\/wp-content\/uploads\/2022\/05\/home-bg-1-768x321.jpg",768,321,true],"large":["https:\/\/homes-marbella.net\/wp-content\/uploads\/2022\/05\/home-bg-1-1024x428.jpg",1024,428,true],"1536x1536":["https:\/\/homes-marbella.net\/wp-content\/uploads\/2022\/05\/home-bg-1-1536x642.jpg",1536,642,true],"2048x2048":["https:\/\/homes-marbella.net\/wp-content\/uploads\/2022\/05\/home-bg-1.jpg",1920,803,false],"big-size":["https:\/\/homes-marbella.net\/wp-content\/uploads\/2022\/05\/home-bg-1.jpg",1920,803,false]},"uagb_author_info":{"display_name":"Imagen Consulting","author_link":"https:\/\/homes-marbella.net\/es\/author\/ich0m3sm4rb\/"},"uagb_comment_info":0,"uagb_excerpt":null,"_links":{"self":[{"href":"https:\/\/homes-marbella.net\/es\/wp-json\/wp\/v2\/pages\/509","targetHints":{"allow":["GET"]}}],"collection":[{"href":"https:\/\/homes-marbella.net\/es\/wp-json\/wp\/v2\/pages"}],"about":[{"href":"https:\/\/homes-marbella.net\/es\/wp-json\/wp\/v2\/types\/page"}],"author":[{"embeddable":true,"href":"https:\/\/homes-marbella.net\/es\/wp-json\/wp\/v2\/users\/2"}],"replies":[{"embeddable":true,"href":"https:\/\/homes-marbella.net\/es\/wp-json\/wp\/v2\/comments?post=509"}],"version-history":[{"count":5,"href":"https:\/\/homes-marbella.net\/es\/wp-json\/wp\/v2\/pages\/509\/revisions"}],"predecessor-version":[{"id":702,"href":"https:\/\/homes-marbella.net\/es\/wp-json\/wp\/v2\/pages\/509\/revisions\/702"}],"wp:featuredmedia":[{"embeddable":true,"href":"https:\/\/homes-marbella.net\/es\/wp-json\/wp\/v2\/media\/485"}],"wp:attachment":[{"href":"https:\/\/homes-marbella.net\/es\/wp-json\/wp\/v2\/media?parent=509"}],"curies":[{"name":"wp","href":"https:\/\/api.w.org\/{rel}","templated":true}]}}